{"id":5386,"date":"2023-03-14T14:34:01","date_gmt":"2023-03-14T19:34:01","guid":{"rendered":"https:\/\/galeria.otros360grados.com\/?page_id=5386"},"modified":"2023-03-14T14:52:53","modified_gmt":"2023-03-14T19:52:53","slug":"andrea-castro","status":"publish","type":"page","link":"https:\/\/galeria.otros360grados.com\/index.php\/andrea-castro\/","title":{"rendered":"Andrea castro"},"content":{"rendered":"\t\t<div data-elementor-type=\"wp-page\" data-elementor-id=\"5386\" class=\"elementor elementor-5386\">\n\t\t\t\t\t\t\t\t\t<section class=\"elementor-section elementor-top-section elementor-element elementor-element-eda7dbe elementor-section-boxed elementor-section-height-default elementor-section-height-default\" data-id=\"eda7dbe\" data-element_type=\"section\">\n\t\t\t\t\t\t<div class=\"elementor-container elementor-column-gap-default\">\n\t\t\t\t\t<div class=\"elementor-column elementor-col-50 elementor-top-column elementor-element elementor-element-69cedb7\" data-id=\"69cedb7\" data-element_type=\"column\">\n\t\t\t<div class=\"elementor-widget-wrap elementor-element-populated\">\n\t\t\t\t\t\t\t\t<div class=\"elementor-element elementor-element-699c4d4 elementor-widget elementor-widget-image\" data-id=\"699c4d4\" data-element_type=\"widget\" data-widget_type=\"image.default\">\n\t\t\t\t<div class=\"elementor-widget-container\">\n\t\t\t<style>\/*! elementor - v3.11.2 - 22-02-2023 *\/\n.elementor-widget-image{text-align:center}.elementor-widget-image a{display:inline-block}.elementor-widget-image a img[src$=\".svg\"]{width:48px}.elementor-widget-image img{vertical-align:middle;display:inline-block}<\/style>\t\t\t\t\t\t\t\t\t\t\t\t<img decoding=\"async\" width=\"768\" height=\"768\" src=\"https:\/\/galeria.otros360grados.com\/wp-content\/uploads\/2023\/03\/FOTO-ANDREA-CASTRO.jpg\" class=\"attachment-large size-large wp-image-5309\" alt=\"\" loading=\"lazy\" srcset=\"https:\/\/galeria.otros360grados.com\/wp-content\/uploads\/2023\/03\/FOTO-ANDREA-CASTRO.jpg 768w, https:\/\/galeria.otros360grados.com\/wp-content\/uploads\/2023\/03\/FOTO-ANDREA-CASTRO-300x300.jpg 300w, https:\/\/galeria.otros360grados.com\/wp-content\/uploads\/2023\/03\/FOTO-ANDREA-CASTRO-150x150.jpg 150w\" sizes=\"(max-width: 768px) 100vw, 768px\" \/>\t\t\t\t\t\t\t\t\t\t\t\t\t\t\t<\/div>\n\t\t\t\t<\/div>\n\t\t\t\t\t<\/div>\n\t\t<\/div>\n\t\t\t\t<div class=\"elementor-column elementor-col-50 elementor-top-column elementor-element elementor-element-68978f6\" data-id=\"68978f6\" data-element_type=\"column\">\n\t\t\t<div class=\"elementor-widget-wrap elementor-element-populated\">\n\t\t\t\t\t\t\t\t<div class=\"elementor-element elementor-element-c868ba3 elementor-widget elementor-widget-heading\" data-id=\"c868ba3\" data-element_type=\"widget\" data-widget_type=\"heading.default\">\n\t\t\t\t<div class=\"elementor-widget-container\">\n\t\t\t<style>\/*! elementor - v3.11.2 - 22-02-2023 *\/\n.elementor-heading-title{padding:0;margin:0;line-height:1}.elementor-widget-heading .elementor-heading-title[class*=elementor-size-]>a{color:inherit;font-size:inherit;line-height:inherit}.elementor-widget-heading .elementor-heading-title.elementor-size-small{font-size:15px}.elementor-widget-heading .elementor-heading-title.elementor-size-medium{font-size:19px}.elementor-widget-heading .elementor-heading-title.elementor-size-large{font-size:29px}.elementor-widget-heading .elementor-heading-title.elementor-size-xl{font-size:39px}.elementor-widget-heading .elementor-heading-title.elementor-size-xxl{font-size:59px}<\/style><h2 class=\"elementor-heading-title elementor-size-default\">Andrea castro\n<\/h2>\t\t<\/div>\n\t\t\t\t<\/div>\n\t\t\t\t<div class=\"elementor-element elementor-element-b9a04f3 elementor-widget elementor-widget-text-editor\" data-id=\"b9a04f3\" data-element_type=\"widget\" data-widget_type=\"text-editor.default\">\n\t\t\t\t<div class=\"elementor-widget-container\">\n\t\t\t<style>\/*! elementor - v3.11.2 - 22-02-2023 *\/\n.elementor-widget-text-editor.elementor-drop-cap-view-stacked .elementor-drop-cap{background-color:#818a91;color:#fff}.elementor-widget-text-editor.elementor-drop-cap-view-framed .elementor-drop-cap{color:#818a91;border:3px solid;background-color:transparent}.elementor-widget-text-editor:not(.elementor-drop-cap-view-default) .elementor-drop-cap{margin-top:8px}.elementor-widget-text-editor:not(.elementor-drop-cap-view-default) .elementor-drop-cap-letter{width:1em;height:1em}.elementor-widget-text-editor .elementor-drop-cap{float:left;text-align:center;line-height:1;font-size:50px}.elementor-widget-text-editor .elementor-drop-cap-letter{display:inline-block}<\/style>\t\t\t\t<p>La artista Andrea Castro siempre ha realizado una observaci\u00f3n del cuerpo y la figura humana, su cotidianidad de modo silencioso en el contexto urbano. Desde la frivolidad del traje, su uso como segunda piel y el lenguaje que representa en la gente, las costumbres, las culturas, los estratos sociales y g\u00e9neros ,para luego observar la figura humana despojada de \u00e9l, liber\u00e1ndose de prejuicios y evidenciando \u00fanicamente la condici\u00f3n humana e involucr\u00e1ndose en un proceso m\u00e1s profundo con ella.<\/p>\t\t\t\t\t\t<\/div>\n\t\t\t\t<\/div>\n\t\t\t\t\t<\/div>\n\t\t<\/div>\n\t\t\t\t\t\t\t<\/div>\n\t\t<\/section>\n\t\t\t\t<section class=\"elementor-section elementor-top-section elementor-element elementor-element-eff5cc8 elementor-section-boxed elementor-section-height-default elementor-section-height-default\" data-id=\"eff5cc8\" data-element_type=\"section\">\n\t\t\t\t\t\t<div class=\"elementor-container elementor-column-gap-default\">\n\t\t\t\t\t<div class=\"elementor-column elementor-col-100 elementor-top-column elementor-element elementor-element-3f9beea\" data-id=\"3f9beea\" data-element_type=\"column\">\n\t\t\t<div class=\"elementor-widget-wrap\">\n\t\t\t\t\t\t\t\t\t<\/div>\n\t\t<\/div>\n\t\t\t\t\t\t\t<\/div>\n\t\t<\/section>\n\t\t\t\t<section class=\"elementor-section elementor-top-section elementor-element elementor-element-ad5329b elementor-section-boxed elementor-section-height-default elementor-section-height-default\" data-id=\"ad5329b\" data-element_type=\"section\">\n\t\t\t\t\t\t<div class=\"elementor-container elementor-column-gap-default\">\n\t\t\t\t\t<div class=\"elementor-column elementor-col-100 elementor-top-column elementor-element elementor-element-907993f\" data-id=\"907993f\" data-element_type=\"column\">\n\t\t\t<div class=\"elementor-widget-wrap elementor-element-populated\">\n\t\t\t\t\t\t\t\t<div class=\"elementor-element elementor-element-fc67d7e elementor-widget elementor-widget-ova_collections\" data-id=\"fc67d7e\" data-element_type=\"widget\" data-widget_type=\"ova_collections.default\">\n\t\t\t\t<div class=\"elementor-widget-container\">\n\t\t\t\n\t\t<div class=\"archive_collection\">\n\n\t\t\t<div class=\"content_archive_coll type1 element-wrapper\">\n\t\t\t\t\t\t\t\t\t\t\t\t\t\t\n\n\t\t\t\t\t<div class=\"items_archive_coll element-items\">\n\t\t\t\t\t\t<div class=\"wrapper-content\">\n\t\t\t\t\t\t\t<div class=\"img\">\n\t\t\t\t\t\t\t\t\t\t\t\t\t\t\t\t\t<a href=\"https:\/\/galeria.otros360grados.com\/index.php\/collection\/andrea-castro-2023\/\"><img width=\"768\" height=\"501\" src=\"https:\/\/galeria.otros360grados.com\/wp-content\/uploads\/2023\/03\/Mesa-de-trabajo-1-3.jpg\" class=\"attachment-medium_large size-medium_large wp-post-image\" alt=\"\" decoding=\"async\" loading=\"lazy\" srcset=\"https:\/\/galeria.otros360grados.com\/wp-content\/uploads\/2023\/03\/Mesa-de-trabajo-1-3.jpg 768w, https:\/\/galeria.otros360grados.com\/wp-content\/uploads\/2023\/03\/Mesa-de-trabajo-1-3-300x196.jpg 300w\" sizes=\"(max-width: 768px) 100vw, 768px\" \/><\/a>\n\t\t\t\t\t\t\t\t\t\t\t\t\t\t\t<\/div>\n\t\t\t\t\t\t\t<div class=\"desc\">\n\t\t\t\t\t\t\t\t\t\t\t\t\t\t\t\t\t<h2 class=\"title second_font\">\n\t\t\t\t\t\t\t\t\t\t<a href=\"https:\/\/galeria.otros360grados.com\/index.php\/collection\/andrea-castro-2023\/\">\n\t\t\t\t\t\t\t\t\t\t\tSiluetas , 2021,  2021\t\n\t\t\t\t\t\t\t\t\t\t<\/a>\n\t\t\t\t\t\t\t\t\t<\/h2>\n\t\t\t\t\t\t\t\t\t\t\t\t\t\t\t\t\t\t\t\t\t\t\t\t\t<div class=\"artists\">\n\t\t\t\t\t\t\t\t\t\t<a href=\" https:\/\/galeria.otros360grados.com\/index.php\/artist\/andrea-castro\/ \">Andrea castro<\/a>\t\t\t\t\t\t\t\t\t<\/div>\n\t\t\t\t\t\t\t\t\t\t\t\t\t\t\t<\/div>\n\t\t\t\t\t\t<\/div>\n\t\t\t\t\t<\/div>\n\n\t\t\t\t\t\t\t\t\t\t\t\t\t\t\n\n\t\t\t\t\t<div class=\"items_archive_coll element-items\">\n\t\t\t\t\t\t<div class=\"wrapper-content\">\n\t\t\t\t\t\t\t<div class=\"img\">\n\t\t\t\t\t\t\t\t\t\t\t\t\t\t\t\t\t<a href=\"https:\/\/galeria.otros360grados.com\/index.php\/collection\/ciclos-2022\/\"><img width=\"768\" height=\"501\" src=\"https:\/\/galeria.otros360grados.com\/wp-content\/uploads\/2023\/03\/Mesa-de-trabajo-1-3.jpg\" class=\"attachment-medium_large size-medium_large wp-post-image\" alt=\"\" decoding=\"async\" loading=\"lazy\" srcset=\"https:\/\/galeria.otros360grados.com\/wp-content\/uploads\/2023\/03\/Mesa-de-trabajo-1-3.jpg 768w, https:\/\/galeria.otros360grados.com\/wp-content\/uploads\/2023\/03\/Mesa-de-trabajo-1-3-300x196.jpg 300w\" sizes=\"(max-width: 768px) 100vw, 768px\" \/><\/a>\n\t\t\t\t\t\t\t\t\t\t\t\t\t\t\t<\/div>\n\t\t\t\t\t\t\t<div class=\"desc\">\n\t\t\t\t\t\t\t\t\t\t\t\t\t\t\t\t\t<h2 class=\"title second_font\">\n\t\t\t\t\t\t\t\t\t\t<a href=\"https:\/\/galeria.otros360grados.com\/index.php\/collection\/ciclos-2022\/\">\n\t\t\t\t\t\t\t\t\t\t\tCiclos 2022, 2022\t\n\t\t\t\t\t\t\t\t\t\t<\/a>\n\t\t\t\t\t\t\t\t\t<\/h2>\n\t\t\t\t\t\t\t\t\t\t\t\t\t\t\t\t\t\t\t\t\t\t\t\t\t<div class=\"artists\">\n\t\t\t\t\t\t\t\t\t\t<a href=\" https:\/\/galeria.otros360grados.com\/index.php\/artist\/andrea-castro\/ \">Andrea castro<\/a>\t\t\t\t\t\t\t\t\t<\/div>\n\t\t\t\t\t\t\t\t\t\t\t\t\t\t\t<\/div>\n\t\t\t\t\t\t<\/div>\n\t\t\t\t\t<\/div>\n\n\t\t\t\t\t\t\t\t\t\t\t\t\t\t\n\n\t\t\t\t\t<div class=\"items_archive_coll element-items\">\n\t\t\t\t\t\t<div class=\"wrapper-content\">\n\t\t\t\t\t\t\t<div class=\"img\">\n\t\t\t\t\t\t\t\t\t\t\t\t\t\t\t\t\t<a href=\"https:\/\/galeria.otros360grados.com\/index.php\/collection\/ciclos\/\"><img width=\"768\" height=\"1009\" src=\"https:\/\/galeria.otros360grados.com\/wp-content\/uploads\/2023\/03\/02-768x1009.jpg\" class=\"attachment-medium_large size-medium_large wp-post-image\" alt=\"\" decoding=\"async\" loading=\"lazy\" srcset=\"https:\/\/galeria.otros360grados.com\/wp-content\/uploads\/2023\/03\/02-768x1009.jpg 768w, https:\/\/galeria.otros360grados.com\/wp-content\/uploads\/2023\/03\/02-228x300.jpg 228w, https:\/\/galeria.otros360grados.com\/wp-content\/uploads\/2023\/03\/02-780x1024.jpg 780w, https:\/\/galeria.otros360grados.com\/wp-content\/uploads\/2023\/03\/02-600x788.jpg 600w, https:\/\/galeria.otros360grados.com\/wp-content\/uploads\/2023\/03\/02.jpg 1040w\" sizes=\"(max-width: 768px) 100vw, 768px\" \/><\/a>\n\t\t\t\t\t\t\t\t\t\t\t\t\t\t\t<\/div>\n\t\t\t\t\t\t\t<div class=\"desc\">\n\t\t\t\t\t\t\t\t\t\t\t\t\t\t\t\t\t<h2 class=\"title second_font\">\n\t\t\t\t\t\t\t\t\t\t<a href=\"https:\/\/galeria.otros360grados.com\/index.php\/collection\/ciclos\/\">\n\t\t\t\t\t\t\t\t\t\t\tCiclos, 2022\t\n\t\t\t\t\t\t\t\t\t\t<\/a>\n\t\t\t\t\t\t\t\t\t<\/h2>\n\t\t\t\t\t\t\t\t\t\t\t\t\t\t\t\t\t\t\t\t\t\t\t\t\t<div class=\"artists\">\n\t\t\t\t\t\t\t\t\t\t<a href=\" https:\/\/galeria.otros360grados.com\/index.php\/artist\/andrea-castro\/ \">Andrea castro<\/a>\t\t\t\t\t\t\t\t\t<\/div>\n\t\t\t\t\t\t\t\t\t\t\t\t\t\t\t<\/div>\n\t\t\t\t\t\t<\/div>\n\t\t\t\t\t<\/div>\n\n\t\t\t\t\t\t\t\t\n\t\t\t<\/div>\n\n\t\t<\/div>\n\t\t\t\t<\/div>\n\t\t\t\t<\/div>\n\t\t\t\t\t<\/div>\n\t\t<\/div>\n\t\t\t\t\t\t\t<\/div>\n\t\t<\/section>\n\t\t\t\t\t\t\t<\/div>\n\t\t","protected":false},"excerpt":{"rendered":"<p>Andrea castro La artista Andrea Castro siempre ha realizado una observaci\u00f3n del cuerpo y la figura humana, su cotidianidad de modo silencioso en el contexto urbano. Desde la frivolidad del traje, su uso como segunda piel y el lenguaje que representa en la gente, las costumbres, las culturas, los estratos sociales y g\u00e9neros ,para luego [&hellip;]<\/p>\n","protected":false},"author":1,"featured_media":0,"parent":0,"menu_order":0,"comment_status":"closed","ping_status":"closed","template":"","meta":{"_joinchat":[]},"_links":{"self":[{"href":"https:\/\/galeria.otros360grados.com\/index.php\/wp-json\/wp\/v2\/pages\/5386"}],"collection":[{"href":"https:\/\/galeria.otros360grados.com\/index.php\/wp-json\/wp\/v2\/pages"}],"about":[{"href":"https:\/\/galeria.otros360grados.com\/index.php\/wp-json\/wp\/v2\/types\/page"}],"author":[{"embeddable":true,"href":"https:\/\/galeria.otros360grados.com\/index.php\/wp-json\/wp\/v2\/users\/1"}],"replies":[{"embeddable":true,"href":"https:\/\/galeria.otros360grados.com\/index.php\/wp-json\/wp\/v2\/comments?post=5386"}],"version-history":[{"count":4,"href":"https:\/\/galeria.otros360grados.com\/index.php\/wp-json\/wp\/v2\/pages\/5386\/revisions"}],"predecessor-version":[{"id":5438,"href":"https:\/\/galeria.otros360grados.com\/index.php\/wp-json\/wp\/v2\/pages\/5386\/revisions\/5438"}],"wp:attachment":[{"href":"https:\/\/galeria.otros360grados.com\/index.php\/wp-json\/wp\/v2\/media?parent=5386"}],"curies":[{"name":"wp","href":"https:\/\/api.w.org\/{rel}","templated":true}]}}